{"id":398,"date":"2024-03-29T19:00:08","date_gmt":"2024-03-29T18:00:08","guid":{"rendered":"https:\/\/www.mouvement-progressiste-congolais.org\/?page_id=398"},"modified":"2024-11-14T11:09:17","modified_gmt":"2024-11-14T10:09:17","slug":"398-2","status":"publish","type":"page","link":"https:\/\/www.mouvement-progressiste-congolais.org\/?page_id=398","title":{"rendered":"SONDAGE MPC"},"content":{"rendered":"<p>[et_pb_section fb_built=&#8221;1&#8243; admin_label=&#8221;Events&#8221; _builder_version=&#8221;4.24.2&#8243; _module_preset=&#8221;default&#8221; background_color=&#8221;#12876F&#8221; background_color_gradient_direction=&#8221;90deg&#8221; custom_margin=&#8221;-50px||0px||false|false&#8221; custom_padding=&#8221;0px||0px||false|false&#8221; animation_style=&#8221;fold&#8221; locked=&#8221;off&#8221; global_colors_info=&#8221;{}&#8221;][et_pb_row _builder_version=&#8221;4.24.2&#8243; _module_preset=&#8221;default&#8221; custom_padding=&#8221;0px||0px||false|false&#8221; animation_style=&#8221;fade&#8221; animation_duration=&#8221;1400ms&#8221; global_colors_info=&#8221;{}&#8221;][et_pb_column type=&#8221;4_4&#8243; _builder_version=&#8221;4.24.2&#8243; _module_preset=&#8221;default&#8221; global_colors_info=&#8221;{}&#8221;][et_pb_testimonial author=&#8221;Le Bureau Coll\u00e9gial du MPC&#8221; job_title=&#8221;Prospectives et Dev\u00e9loppement&#8221; portrait_url=&#8221;https:\/\/www.mouvement-progressiste-congolais.org\/wp-content\/uploads\/2024\/03\/Etat-des-routes-PN.jpg&#8221; _builder_version=&#8221;4.24.2&#8243; _module_preset=&#8221;default&#8221; author_line_height=&#8221;1em&#8221; background_color=&#8221;#FFFFFF&#8221; custom_margin=&#8221;20px||0px||false|false&#8221; custom_padding=&#8221;15px||20px||false|false&#8221; animation_style=&#8221;zoom&#8221; animation_duration=&#8221;1300ms&#8221; global_colors_info=&#8221;{}&#8221;]<\/p>\n<div class=\"et_pb_testimonial_description_inner\">\n<div class=\"et_pb_testimonial_content\">\n<p style=\"text-align: justify;\">Dans une d\u00e9marche de promotion de la <strong>d\u00e9mocratie participative et de la citoyennet\u00e9 active<\/strong>, le Mouvement Progressiste Congolais vous invite \u00e0<span style=\"color: #0c71c3;\"> donner votre avis <\/span>sur 3 sujets que vous jugez les plus prioritaires \u00e0 am\u00e9liorer ou \u00e0 changer au Congo.<\/p>\n<p style=\"text-align: justify;\"><strong>Partir du terrain pour concevoir notre avenir en commun, tel et le projet que nous portons pour un<span style=\"color: #0c71c3;\"> nouveau contrat social de confiance<\/span>, avec le peuple congolais et avec le reste du monde.<\/strong><\/p>\n<p><span style=\"color: #0c71c3;\"><strong>Bien entendu, ce sondage est et restera libre et anonyme.<\/strong><\/span><\/p>\n<\/div>\n<\/div>\n<p>[\/et_pb_testimonial][\/et_pb_column][\/et_pb_row][\/et_pb_section][et_pb_section fb_built=&#8221;1&#8243; admin_label=&#8221;Events&#8221; _builder_version=&#8221;4.24.2&#8243; _module_preset=&#8221;default&#8221; background_color=&#8221;#F5F0EB&#8221; background_color_gradient_direction=&#8221;90deg&#8221; custom_margin=&#8221;-30px||0px||false|false&#8221; custom_padding=&#8221;5px||0px||false|false&#8221; animation_style=&#8221;fade&#8221; locked=&#8221;off&#8221; global_colors_info=&#8221;{}&#8221;][et_pb_row _builder_version=&#8221;4.24.2&#8243; _module_preset=&#8221;default&#8221; animation_style=&#8221;flip&#8221; global_colors_info=&#8221;{}&#8221;][et_pb_column type=&#8221;4_4&#8243; _builder_version=&#8221;4.24.2&#8243; _module_preset=&#8221;default&#8221; global_colors_info=&#8221;{}&#8221;][et_pb_contact_form email=&#8221;contact@mouvement-progressiste-congolais.org&#8221; title=&#8221;Bienvenue chez vous. Ici, vous avez la parole et en toute libert\u00e9 !&#8221; _builder_version=&#8221;4.24.2&#8243; _module_preset=&#8221;default&#8221; _unique_id=&#8221;3ac9dd41-bae2-4ac1-a6f8-6eddd52c80f9&#8243; background_color=&#8221;#88C4DD&#8221; custom_margin=&#8221;15px||||false|false&#8221; custom_padding=&#8221;15px|20px|10px|20px|false|false&#8221; animation_style=&#8221;flip&#8221; animation_duration=&#8221;2000ms&#8221; global_colors_info=&#8221;{}&#8221;][et_pb_contact_field field_id=&#8221;Votre_sexe&#8221; field_title=&#8221;Vous \u00eates&#8221; field_type=&#8221;checkbox&#8221; checkbox_options=&#8221;%91{%22value%22:%22Une femme%22,%22checked%22:0,%22dragID%22:-1},{%22value%22:%22Un homme%22,%22checked%22:0,%22dragID%22:0}%93&#8243; fullwidth_field=&#8221;on&#8221; _builder_version=&#8221;4.24.2&#8243; _module_preset=&#8221;default&#8221; global_colors_info=&#8221;{}&#8221;][\/et_pb_contact_field][et_pb_contact_field field_id=&#8221;Ville&#8221; field_title=&#8221;Votre ville d&#8217;habitation&#8221; _builder_version=&#8221;4.24.2&#8243; global_colors_info=&#8221;{}&#8221; button_text_size__hover_enabled=&#8221;off&#8221; button_one_text_size__hover_enabled=&#8221;off&#8221; button_two_text_size__hover_enabled=&#8221;off&#8221; button_text_color__hover_enabled=&#8221;off&#8221; button_one_text_color__hover_enabled=&#8221;off&#8221; button_two_text_color__hover_enabled=&#8221;off&#8221; button_border_width__hover_enabled=&#8221;off&#8221; button_one_border_width__hover_enabled=&#8221;off&#8221; button_two_border_width__hover_enabled=&#8221;off&#8221; button_border_color__hover_enabled=&#8221;off&#8221; button_one_border_color__hover_enabled=&#8221;off&#8221; button_two_border_color__hover_enabled=&#8221;off&#8221; button_border_radius__hover_enabled=&#8221;off&#8221; button_one_border_radius__hover_enabled=&#8221;off&#8221; button_two_border_radius__hover_enabled=&#8221;off&#8221; button_letter_spacing__hover_enabled=&#8221;off&#8221; button_one_letter_spacing__hover_enabled=&#8221;off&#8221; button_two_letter_spacing__hover_enabled=&#8221;off&#8221; button_bg_color__hover_enabled=&#8221;off&#8221; button_one_bg_color__hover_enabled=&#8221;off&#8221; button_two_bg_color__hover_enabled=&#8221;off&#8221;][\/et_pb_contact_field][et_pb_contact_field field_id=&#8221;Age&#8221; field_title=&#8221;Votre \u00e2ge&#8221; allowed_symbols=&#8221;numbers&#8221; _builder_version=&#8221;4.24.2&#8243; global_colors_info=&#8221;{}&#8221; button_text_size__hover_enabled=&#8221;off&#8221; button_one_text_size__hover_enabled=&#8221;off&#8221; button_two_text_size__hover_enabled=&#8221;off&#8221; button_text_color__hover_enabled=&#8221;off&#8221; button_one_text_color__hover_enabled=&#8221;off&#8221; button_two_text_color__hover_enabled=&#8221;off&#8221; button_border_width__hover_enabled=&#8221;off&#8221; button_one_border_width__hover_enabled=&#8221;off&#8221; button_two_border_width__hover_enabled=&#8221;off&#8221; button_border_color__hover_enabled=&#8221;off&#8221; button_one_border_color__hover_enabled=&#8221;off&#8221; button_two_border_color__hover_enabled=&#8221;off&#8221; button_border_radius__hover_enabled=&#8221;off&#8221; button_one_border_radius__hover_enabled=&#8221;off&#8221; button_two_border_radius__hover_enabled=&#8221;off&#8221; button_letter_spacing__hover_enabled=&#8221;off&#8221; button_one_letter_spacing__hover_enabled=&#8221;off&#8221; button_two_letter_spacing__hover_enabled=&#8221;off&#8221; button_bg_color__hover_enabled=&#8221;off&#8221; button_one_bg_color__hover_enabled=&#8221;off&#8221; button_two_bg_color__hover_enabled=&#8221;off&#8221;][\/et_pb_contact_field][et_pb_contact_field field_id=&#8221;ThemesPrioritaires1&#8243; field_title=&#8221;D&#8217;apr\u00e8s vous, le sujet \u00e0 am\u00e9liorer en priorit\u00e9 1 est : &#8221; fullwidth_field=&#8221;on&#8221; _builder_version=&#8221;4.24.2&#8243; _module_preset=&#8221;default&#8221; min_height=&#8221;50px&#8221; height=&#8221;70px&#8221; global_colors_info=&#8221;{}&#8221;][\/et_pb_contact_field][et_pb_contact_field field_id=&#8221;ThemesPrioritaires2&#8243; field_title=&#8221;D&#8217;apr\u00e8s vous, le sujet \u00e0 am\u00e9liorer en priorit\u00e9 2 est : &#8221; fullwidth_field=&#8221;on&#8221; _builder_version=&#8221;4.24.2&#8243; _module_preset=&#8221;default&#8221; min_height=&#8221;50px&#8221; height=&#8221;70px&#8221; global_colors_info=&#8221;{}&#8221;][\/et_pb_contact_field][et_pb_contact_field field_id=&#8221;ThemesPrioritaires3&#8243; field_title=&#8221;D&#8217;apr\u00e8s vous, le sujet \u00e0 am\u00e9liorer en priorit\u00e9 3 est : &#8221; fullwidth_field=&#8221;on&#8221; _builder_version=&#8221;4.24.2&#8243; _module_preset=&#8221;default&#8221; min_height=&#8221;50px&#8221; height=&#8221;70px&#8221; global_colors_info=&#8221;{}&#8221;][\/et_pb_contact_field][et_pb_contact_field field_id=&#8221;Message&#8221; field_title=&#8221;Vous pouvez saisir ici un message compl\u00e9mentaire libre&#8221; field_type=&#8221;text&#8221; required_mark=&#8221;off&#8221; fullwidth_field=&#8221;on&#8221; _builder_version=&#8221;4.24.2&#8243; global_colors_info=&#8221;{}&#8221; button_text_size__hover_enabled=&#8221;off&#8221; button_one_text_size__hover_enabled=&#8221;off&#8221; button_two_text_size__hover_enabled=&#8221;off&#8221; button_text_color__hover_enabled=&#8221;off&#8221; button_one_text_color__hover_enabled=&#8221;off&#8221; button_two_text_color__hover_enabled=&#8221;off&#8221; button_border_width__hover_enabled=&#8221;off&#8221; button_one_border_width__hover_enabled=&#8221;off&#8221; button_two_border_width__hover_enabled=&#8221;off&#8221; button_border_color__hover_enabled=&#8221;off&#8221; button_one_border_color__hover_enabled=&#8221;off&#8221; button_two_border_color__hover_enabled=&#8221;off&#8221; button_border_radius__hover_enabled=&#8221;off&#8221; button_one_border_radius__hover_enabled=&#8221;off&#8221; button_two_border_radius__hover_enabled=&#8221;off&#8221; button_letter_spacing__hover_enabled=&#8221;off&#8221; button_one_letter_spacing__hover_enabled=&#8221;off&#8221; button_two_letter_spacing__hover_enabled=&#8221;off&#8221; button_bg_color__hover_enabled=&#8221;off&#8221; button_one_bg_color__hover_enabled=&#8221;off&#8221; button_two_bg_color__hover_enabled=&#8221;off&#8221;][\/et_pb_contact_field][\/et_pb_contact_form][\/et_pb_column][\/et_pb_row][\/et_pb_section]<\/p>\n","protected":false},"excerpt":{"rendered":"<p>Dans une d\u00e9marche&#8230;<\/p>\n","protected":false},"author":1,"featured_media":0,"parent":0,"menu_order":0,"comment_status":"closed","ping_status":"open","template":"","meta":{"_et_pb_use_builder":"on","_et_pb_old_content":"","_et_gb_content_width":"","footnotes":""},"class_list":["post-398","page","type-page","status-publish","hentry"],"yoast_head":"<!-- This site is optimized with the Yoast SEO plugin v27.5 - https:\/\/yoast.com\/product\/yoast-seo-wordpress\/ -->\n<title>SONDAGE MPC - Bienvenue sur le site officiel du MPC<\/title>\n<meta name=\"robots\" content=\"index, follow, max-snippet:-1, max-image-preview:large, max-video-preview:-1\" \/>\n<link rel=\"canonical\" href=\"https:\/\/www.mouvement-progressiste-congolais.org\/?page_id=398\" \/>\n<meta property=\"og:locale\" content=\"fr_FR\" \/>\n<meta property=\"og:type\" content=\"article\" \/>\n<meta property=\"og:title\" content=\"SONDAGE MPC - Bienvenue sur le site officiel du MPC\" \/>\n<meta property=\"og:description\" content=\"Dans une d\u00e9marche...\" \/>\n<meta property=\"og:url\" content=\"https:\/\/www.mouvement-progressiste-congolais.org\/?page_id=398\" \/>\n<meta property=\"og:site_name\" content=\"Bienvenue sur le site officiel du MPC\" \/>\n<meta property=\"article:modified_time\" content=\"2024-11-14T10:09:17+00:00\" \/>\n<meta name=\"twitter:card\" content=\"summary_large_image\" \/>\n<script type=\"application\/ld+json\" class=\"yoast-schema-graph\">{\"@context\":\"https:\\\/\\\/schema.org\",\"@graph\":[{\"@type\":\"WebPage\",\"@id\":\"https:\\\/\\\/www.mouvement-progressiste-congolais.org\\\/?page_id=398\",\"url\":\"https:\\\/\\\/www.mouvement-progressiste-congolais.org\\\/?page_id=398\",\"name\":\"SONDAGE MPC - Bienvenue sur le site officiel du MPC\",\"isPartOf\":{\"@id\":\"https:\\\/\\\/www.mouvement-progressiste-congolais.org\\\/#website\"},\"datePublished\":\"2024-03-29T18:00:08+00:00\",\"dateModified\":\"2024-11-14T10:09:17+00:00\",\"breadcrumb\":{\"@id\":\"https:\\\/\\\/www.mouvement-progressiste-congolais.org\\\/?page_id=398#breadcrumb\"},\"inLanguage\":\"fr-FR\",\"potentialAction\":[{\"@type\":\"ReadAction\",\"target\":[\"https:\\\/\\\/www.mouvement-progressiste-congolais.org\\\/?page_id=398\"]}]},{\"@type\":\"BreadcrumbList\",\"@id\":\"https:\\\/\\\/www.mouvement-progressiste-congolais.org\\\/?page_id=398#breadcrumb\",\"itemListElement\":[{\"@type\":\"ListItem\",\"position\":1,\"name\":\"ACCUEIL\",\"item\":\"https:\\\/\\\/www.mouvement-progressiste-congolais.org\\\/\"},{\"@type\":\"ListItem\",\"position\":2,\"name\":\"SONDAGE MPC\"}]},{\"@type\":\"WebSite\",\"@id\":\"https:\\\/\\\/www.mouvement-progressiste-congolais.org\\\/#website\",\"url\":\"https:\\\/\\\/www.mouvement-progressiste-congolais.org\\\/\",\"name\":\"Bienvenue sur le site officiel du MPC\",\"description\":\"Vous \u00eates ici chez vous, exprimez-vous !\",\"publisher\":{\"@id\":\"https:\\\/\\\/www.mouvement-progressiste-congolais.org\\\/#organization\"},\"potentialAction\":[{\"@type\":\"SearchAction\",\"target\":{\"@type\":\"EntryPoint\",\"urlTemplate\":\"https:\\\/\\\/www.mouvement-progressiste-congolais.org\\\/?s={search_term_string}\"},\"query-input\":{\"@type\":\"PropertyValueSpecification\",\"valueRequired\":true,\"valueName\":\"search_term_string\"}}],\"inLanguage\":\"fr-FR\"},{\"@type\":\"Organization\",\"@id\":\"https:\\\/\\\/www.mouvement-progressiste-congolais.org\\\/#organization\",\"name\":\"Bienvenue sur le site officiel du MPC\",\"url\":\"https:\\\/\\\/www.mouvement-progressiste-congolais.org\\\/\",\"logo\":{\"@type\":\"ImageObject\",\"inLanguage\":\"fr-FR\",\"@id\":\"https:\\\/\\\/www.mouvement-progressiste-congolais.org\\\/#\\\/schema\\\/logo\\\/image\\\/\",\"url\":\"https:\\\/\\\/www.mouvement-progressiste-congolais.org\\\/wp-content\\\/uploads\\\/2024\\\/11\\\/cropped-Bandeau-MPC-2.jpg-1.png\",\"contentUrl\":\"https:\\\/\\\/www.mouvement-progressiste-congolais.org\\\/wp-content\\\/uploads\\\/2024\\\/11\\\/cropped-Bandeau-MPC-2.jpg-1.png\",\"width\":1347,\"height\":319,\"caption\":\"Bienvenue sur le site officiel du MPC\"},\"image\":{\"@id\":\"https:\\\/\\\/www.mouvement-progressiste-congolais.org\\\/#\\\/schema\\\/logo\\\/image\\\/\"}}]}<\/script>\n<!-- \/ Yoast SEO plugin. -->","yoast_head_json":{"title":"SONDAGE MPC - Bienvenue sur le site officiel du MPC","robots":{"index":"index","follow":"follow","max-snippet":"max-snippet:-1","max-image-preview":"max-image-preview:large","max-video-preview":"max-video-preview:-1"},"canonical":"https:\/\/www.mouvement-progressiste-congolais.org\/?page_id=398","og_locale":"fr_FR","og_type":"article","og_title":"SONDAGE MPC - Bienvenue sur le site officiel du MPC","og_description":"Dans une d\u00e9marche...","og_url":"https:\/\/www.mouvement-progressiste-congolais.org\/?page_id=398","og_site_name":"Bienvenue sur le site officiel du MPC","article_modified_time":"2024-11-14T10:09:17+00:00","twitter_card":"summary_large_image","schema":{"@context":"https:\/\/schema.org","@graph":[{"@type":"WebPage","@id":"https:\/\/www.mouvement-progressiste-congolais.org\/?page_id=398","url":"https:\/\/www.mouvement-progressiste-congolais.org\/?page_id=398","name":"SONDAGE MPC - Bienvenue sur le site officiel du MPC","isPartOf":{"@id":"https:\/\/www.mouvement-progressiste-congolais.org\/#website"},"datePublished":"2024-03-29T18:00:08+00:00","dateModified":"2024-11-14T10:09:17+00:00","breadcrumb":{"@id":"https:\/\/www.mouvement-progressiste-congolais.org\/?page_id=398#breadcrumb"},"inLanguage":"fr-FR","potentialAction":[{"@type":"ReadAction","target":["https:\/\/www.mouvement-progressiste-congolais.org\/?page_id=398"]}]},{"@type":"BreadcrumbList","@id":"https:\/\/www.mouvement-progressiste-congolais.org\/?page_id=398#breadcrumb","itemListElement":[{"@type":"ListItem","position":1,"name":"ACCUEIL","item":"https:\/\/www.mouvement-progressiste-congolais.org\/"},{"@type":"ListItem","position":2,"name":"SONDAGE MPC"}]},{"@type":"WebSite","@id":"https:\/\/www.mouvement-progressiste-congolais.org\/#website","url":"https:\/\/www.mouvement-progressiste-congolais.org\/","name":"Bienvenue sur le site officiel du MPC","description":"Vous \u00eates ici chez vous, exprimez-vous !","publisher":{"@id":"https:\/\/www.mouvement-progressiste-congolais.org\/#organization"},"potentialAction":[{"@type":"SearchAction","target":{"@type":"EntryPoint","urlTemplate":"https:\/\/www.mouvement-progressiste-congolais.org\/?s={search_term_string}"},"query-input":{"@type":"PropertyValueSpecification","valueRequired":true,"valueName":"search_term_string"}}],"inLanguage":"fr-FR"},{"@type":"Organization","@id":"https:\/\/www.mouvement-progressiste-congolais.org\/#organization","name":"Bienvenue sur le site officiel du MPC","url":"https:\/\/www.mouvement-progressiste-congolais.org\/","logo":{"@type":"ImageObject","inLanguage":"fr-FR","@id":"https:\/\/www.mouvement-progressiste-congolais.org\/#\/schema\/logo\/image\/","url":"https:\/\/www.mouvement-progressiste-congolais.org\/wp-content\/uploads\/2024\/11\/cropped-Bandeau-MPC-2.jpg-1.png","contentUrl":"https:\/\/www.mouvement-progressiste-congolais.org\/wp-content\/uploads\/2024\/11\/cropped-Bandeau-MPC-2.jpg-1.png","width":1347,"height":319,"caption":"Bienvenue sur le site officiel du MPC"},"image":{"@id":"https:\/\/www.mouvement-progressiste-congolais.org\/#\/schema\/logo\/image\/"}}]}},"jetpack_sharing_enabled":true,"_links":{"self":[{"href":"https:\/\/www.mouvement-progressiste-congolais.org\/index.php?rest_route=\/wp\/v2\/pages\/398","targetHints":{"allow":["GET"]}}],"collection":[{"href":"https:\/\/www.mouvement-progressiste-congolais.org\/index.php?rest_route=\/wp\/v2\/pages"}],"about":[{"href":"https:\/\/www.mouvement-progressiste-congolais.org\/index.php?rest_route=\/wp\/v2\/types\/page"}],"author":[{"embeddable":true,"href":"https:\/\/www.mouvement-progressiste-congolais.org\/index.php?rest_route=\/wp\/v2\/users\/1"}],"replies":[{"embeddable":true,"href":"https:\/\/www.mouvement-progressiste-congolais.org\/index.php?rest_route=%2Fwp%2Fv2%2Fcomments&post=398"}],"version-history":[{"count":9,"href":"https:\/\/www.mouvement-progressiste-congolais.org\/index.php?rest_route=\/wp\/v2\/pages\/398\/revisions"}],"predecessor-version":[{"id":571,"href":"https:\/\/www.mouvement-progressiste-congolais.org\/index.php?rest_route=\/wp\/v2\/pages\/398\/revisions\/571"}],"wp:attachment":[{"href":"https:\/\/www.mouvement-progressiste-congolais.org\/index.php?rest_route=%2Fwp%2Fv2%2Fmedia&parent=398"}],"curies":[{"name":"wp","href":"https:\/\/api.w.org\/{rel}","templated":true}]}}